{"id":11816,"date":"2019-10-04T07:02:35","date_gmt":"2019-10-04T07:02:35","guid":{"rendered":"http:\/\/www.e110364.easyhosting.at\/?page_id=11816"},"modified":"2021-01-05T11:31:48","modified_gmt":"2021-01-05T11:31:48","slug":"anfahrt","status":"publish","type":"page","link":"https:\/\/www.pro-village.com\/hu\/anfahrt\/","title":{"rendered":"Megk\u00f6zel\u00edthet\u0151s\u00e9g"},"content":{"rendered":"<div data-elementor-type=\"wp-page\" data-elementor-id=\"11816\" class=\"elementor elementor-11816\">\n\t\t\t\t\t\t\t\t\t<section class=\"elementor-section elementor-top-section elementor-element elementor-element-7e24c196 elementor-section-stretched elementor-section-boxed elementor-section-height-default elementor-section-height-default\" data-id=\"7e24c196\" data-element_type=\"section\" id=\"about\" data-settings=\"{&quot;stretch_section&quot;:&quot;section-stretched&quot;,&quot;background_background&quot;:&quot;classic&quot;}\">\n\t\t\t\t\t\t<div class=\"elementor-container elementor-column-gap-default\">\n\t\t\t\t\t<div class=\"elementor-column elementor-col-100 elementor-top-column elementor-element elementor-element-2b541f9b\" data-id=\"2b541f9b\" data-element_type=\"column\">\n\t\t\t<div class=\"elementor-widget-wrap elementor-element-populated\">\n\t\t\t\t\t\t\t\t<section class=\"elementor-section elementor-inner-section elementor-element elementor-element-450bc81d elementor-section-boxed elementor-section-height-default elementor-section-height-default\" data-id=\"450bc81d\" data-element_type=\"section\">\n\t\t\t\t\t\t<div class=\"elementor-container elementor-column-gap-default\">\n\t\t\t\t\t<div class=\"elementor-column elementor-col-100 elementor-inner-column elementor-element elementor-element-68dd5d92\" data-id=\"68dd5d92\" data-element_type=\"column\">\n\t\t\t<div class=\"elementor-widget-wrap elementor-element-populated\">\n\t\t\t\t\t\t\t\t<div class=\"elementor-element elementor-element-78667e7a elementor-widget elementor-widget-heading\" data-id=\"78667e7a\" data-element_type=\"widget\" data-widget_type=\"heading.default\">\n\t\t\t\t<div class=\"elementor-widget-container\">\n\t\t\t<h1 class=\"elementor-heading-title elementor-size-default\">Megk\u00f6zel\u00edthet\u0151s\u00e9g<\/h1>\t\t<\/div>\n\t\t\t\t<\/div>\n\t\t\t\t<div class=\"elementor-element elementor-element-2a5ab3fc elementor-widget-divider--view-line elementor-widget elementor-widget-divider\" data-id=\"2a5ab3fc\" data-element_type=\"widget\" data-widget_type=\"divider.default\">\n\t\t\t\t<div class=\"elementor-widget-container\">\n\t\t\t\t\t<div class=\"elementor-divider\">\n\t\t\t<span class=\"elementor-divider-separator\">\n\t\t\t\t\t\t<\/span>\n\t\t<\/div>\n\t\t\t\t<\/div>\n\t\t\t\t<\/div>\n\t\t\t\t\t<\/div>\n\t\t<\/div>\n\t\t\t\t\t\t\t<\/div>\n\t\t<\/section>\n\t\t\t\t<section class=\"elementor-section elementor-inner-section elementor-element elementor-element-26a49341 elementor-section-boxed elementor-section-height-default elementor-section-height-default\" data-id=\"26a49341\" data-element_type=\"section\">\n\t\t\t\t\t\t<div class=\"elementor-container elementor-column-gap-no\">\n\t\t\t\t\t<div class=\"elementor-column elementor-col-100 elementor-inner-column elementor-element elementor-element-3b599e0e\" data-id=\"3b599e0e\" data-element_type=\"column\">\n\t\t\t<div class=\"elementor-widget-wrap elementor-element-populated\">\n\t\t\t\t\t\t\t\t<div class=\"elementor-element elementor-element-7888fd51 elementor-widget elementor-widget-text-editor\" data-id=\"7888fd51\" data-element_type=\"widget\" data-widget_type=\"text-editor.default\">\n\t\t\t\t<div class=\"elementor-widget-container\">\n\t\t\t\t\t\t\t<p>L\u00e9tes\u00edtm\u00e9ny\u00fcnk az osztr\u00e1k-magyar hat\u00e1rt\u00f3l mind\u00f6ssze n\u00e9h\u00e1ny kilom\u00e9ter t\u00e1vols\u00e1gra, Sopronk\u00f6vesd telep\u00fcl\u00e9s szomsz\u00e9ds\u00e1g\u00e1ban tal\u00e1lhat\u00f3. A l\u00e9tes\u00edtm\u00e9ny k\u00f6nnyen megk\u00f6zel\u00edthet\u0151, ig\u00e9ny szerint transzfert is biztos\u00edtunk.<\/p><p><b style=\"color: black;\">Nyitvatart\u00e1si id\u0151<br \/><\/b>A h\u00e9t minden napj\u00e1n: 10:00 \u2013 18:00<\/p><p><b style=\"color: black;\">Az \u00e9tterem nyitvatart\u00e1si ideje<br \/><\/b>P\u00e9ntekt\u0151l vas\u00e1rnapig: 12:00 \u2013 21:00 (konyha 20:00 \u00f3r\u00e1ig van)<\/p>\t\t\t\t\t\t<\/div>\n\t\t\t\t<\/div>\n\t\t\t\t\t<\/div>\n\t\t<\/div>\n\t\t\t\t\t\t\t<\/div>\n\t\t<\/section>\n\t\t\t\t\t<\/div>\n\t\t<\/div>\n\t\t\t\t\t\t\t<\/div>\n\t\t<\/section>\n\t\t\t\t<section class=\"elementor-section elementor-top-section elementor-element elementor-element-133f61b0 elementor-section-stretched elementor-section-content-middle elementor-reverse-mobile elementor-section-boxed elementor-section-height-default elementor-section-height-default\" data-id=\"133f61b0\" data-element_type=\"section\" data-settings=\"{&quot;stretch_section&quot;:&quot;section-stretched&quot;,&quot;background_background&quot;:&quot;classic&quot;}\">\n\t\t\t\t\t\t<div class=\"elementor-container elementor-column-gap-wider\">\n\t\t\t\t\t<div class=\"elementor-column elementor-col-100 elementor-top-column elementor-element elementor-element-c12c53c\" data-id=\"c12c53c\" data-element_type=\"column\">\n\t\t\t<div class=\"elementor-widget-wrap elementor-element-populated\">\n\t\t\t\t\t\t\t\t<div class=\"elementor-element elementor-element-78ba2306 elementor-widget elementor-widget-heading\" data-id=\"78ba2306\" data-element_type=\"widget\" data-widget_type=\"heading.default\">\n\t\t\t\t<div class=\"elementor-widget-container\">\n\t\t\t<h2 class=\"elementor-heading-title elementor-size-default\">Elhelyezked\u00e9s<\/h2>\t\t<\/div>\n\t\t\t\t<\/div>\n\t\t\t\t<div class=\"elementor-element elementor-element-39360cab elementor-widget-divider--view-line elementor-widget elementor-widget-divider\" data-id=\"39360cab\" data-element_type=\"widget\" data-widget_type=\"divider.default\">\n\t\t\t\t<div class=\"elementor-widget-container\">\n\t\t\t\t\t<div class=\"elementor-divider\">\n\t\t\t<span class=\"elementor-divider-separator\">\n\t\t\t\t\t\t<\/span>\n\t\t<\/div>\n\t\t\t\t<\/div>\n\t\t\t\t<\/div>\n\t\t\t\t<section class=\"elementor-section elementor-inner-section elementor-element elementor-element-25460c7 elementor-section-content-middle elementor-section-boxed elementor-section-height-default elementor-section-height-default\" data-id=\"25460c7\" data-element_type=\"section\">\n\t\t\t\t\t\t<div class=\"elementor-container elementor-column-gap-narrow\">\n\t\t\t\t\t<div class=\"elementor-column elementor-col-50 elementor-inner-column elementor-element elementor-element-19b3696e\" data-id=\"19b3696e\" data-element_type=\"column\">\n\t\t\t<div class=\"elementor-widget-wrap elementor-element-populated\">\n\t\t\t\t\t\t\t\t<div class=\"elementor-element elementor-element-1b487108 elementor-widget elementor-widget-text-editor\" data-id=\"1b487108\" data-element_type=\"widget\" data-widget_type=\"text-editor.default\">\n\t\t\t\t<div class=\"elementor-widget-container\">\n\t\t\t\t\t\t\t<p>\u00a0<\/p><p>\u00a0<\/p><p>C\u00edm, el\u00e9rhet\u0151s\u00e9g:<br \/>Pro Village Kft<br \/>Franciska Major 50<br \/>9483 Sopronk\u00f6vesd, Magyarorsz\u00e1g<\/p>\t\t\t\t\t\t<\/div>\n\t\t\t\t<\/div>\n\t\t\t\t<div class=\"elementor-element elementor-element-69b1850 elementor-widget elementor-widget-spacer\" data-id=\"69b1850\" data-element_type=\"widget\" data-widget_type=\"spacer.default\">\n\t\t\t\t<div class=\"elementor-widget-container\">\n\t\t\t\t\t<div class=\"elementor-spacer\">\n\t\t\t<div class=\"elementor-spacer-inner\"><\/div>\n\t\t<\/div>\n\t\t\t\t<\/div>\n\t\t\t\t<\/div>\n\t\t\t\t\t<\/div>\n\t\t<\/div>\n\t\t\t\t<div class=\"elementor-column elementor-col-50 elementor-inner-column elementor-element elementor-element-b917c90\" data-id=\"b917c90\" data-element_type=\"column\">\n\t\t\t<div class=\"elementor-widget-wrap elementor-element-populated\">\n\t\t\t\t\t\t\t\t<div class=\"elementor-element elementor-element-152b207 elementor-widget elementor-widget-google_maps\" data-id=\"152b207\" data-element_type=\"widget\" data-widget_type=\"google_maps.default\">\n\t\t\t\t<div class=\"elementor-widget-container\">\n\t\t\t\t\t<div class=\"elementor-custom-embed\">\n\t\t\t<iframe loading=\"lazy\"\n\t\t\t\t\tsrc=\"https:\/\/maps.google.com\/maps?q=ProVillage&#038;t=m&#038;z=13&#038;output=embed&#038;iwloc=near\"\n\t\t\t\t\ttitle=\"ProVillage\"\n\t\t\t\t\taria-label=\"ProVillage\"\n\t\t\t><\/iframe>\n\t\t<\/div>\n\t\t\t\t<\/div>\n\t\t\t\t<\/div>\n\t\t\t\t\t<\/div>\n\t\t<\/div>\n\t\t\t\t\t\t\t<\/div>\n\t\t<\/section>\n\t\t\t\t<section class=\"elementor-section elementor-inner-section elementor-element elementor-element-52964bcb elementor-section-content-middle elementor-section-boxed elementor-section-height-default elementor-section-height-default\" data-id=\"52964bcb\" data-element_type=\"section\">\n\t\t\t\t\t\t<div class=\"elementor-container elementor-column-gap-narrow\">\n\t\t\t\t\t<div class=\"elementor-column elementor-col-100 elementor-inner-column elementor-element elementor-element-5ee5d5af\" data-id=\"5ee5d5af\" data-element_type=\"column\">\n\t\t\t<div class=\"elementor-widget-wrap elementor-element-populated\">\n\t\t\t\t\t\t\t\t<div class=\"elementor-element elementor-element-53e9aca6 elementor-widget elementor-widget-image\" data-id=\"53e9aca6\" data-element_type=\"widget\" data-widget_type=\"image.default\">\n\t\t\t\t<div class=\"elementor-widget-container\">\n\t\t\t\t\t\t\t\t\t\t\t\t\t\t\t\t<a href=\"https:\/\/www.pro-village.com\/wp-content\/uploads\/2024\/03\/2024-lageplan-provillage-hu.png\" data-elementor-open-lightbox=\"yes\" data-elementor-lightbox-title=\"Lageplan-ProVillage\" data-e-action-hash=\"#elementor-action%3Aaction%3Dlightbox%26settings%3DeyJpZCI6MTM0NTMsInVybCI6Imh0dHBzOlwvXC93d3cucHJvLXZpbGxhZ2UuY29tXC93cC1jb250ZW50XC91cGxvYWRzXC8yMDIxXC8wMVwvTGFnZXBsYW4tUHJvVmlsbGFnZS1lMTYwOTg0NTI5NjIzNi5wbmcifQ%3D%3D\">\n\t\t\t\t\t\t\t<img decoding=\"async\" src=\"https:\/\/www.pro-village.com\/wp-content\/uploads\/elementor\/thumbs\/Lageplan-ProVillage-e1609845296236-p0wymr6kox9wdj0cj6kivo9zglj689qnm3u5mjlzc8.png\" title=\"Lageplan-ProVillage\" alt=\"Lageplan Pro-Village\" loading=\"lazy\" \/>\t\t\t\t\t\t\t\t<\/a>\n\t\t\t\t\t\t\t\t\t\t\t\t\t\t\t<\/div>\n\t\t\t\t<\/div>\n\t\t\t\t\t<\/div>\n\t\t<\/div>\n\t\t\t\t\t\t\t<\/div>\n\t\t<\/section>\n\t\t\t\t\t<\/div>\n\t\t<\/div>\n\t\t\t\t\t\t\t<\/div>\n\t\t<\/section>\n\t\t\t\t\t\t\t<\/div>","protected":false},"excerpt":{"rendered":"<p>Anfahrt Wir befinden uns wenige Kilometer von der \u00f6sterreichisch-ungarischen Grenze entfernt im ungarischen Sopronk\u00f6vesd. Wir sind verkehrstechnisch sehr gut zu erreichen, auf Wunsch organisieren wir auch gerne Shuttle-Transfers. Unsere \u00d6ffnungszeitenMontag bis Sonntag: 10:00- 18:00 Uhr \u00d6ffnungszeiten RestaurantFreitag bis Sonntag: 12:00&hellip;<\/p>\n<p> <a class=\"more-link\" href=\"https:\/\/www.pro-village.com\/hu\/anfahrt\/\">Read more<\/a><\/p>","protected":false},"author":1,"featured_media":0,"parent":0,"menu_order":0,"comment_status":"closed","ping_status":"closed","template":"","meta":{"footnotes":""},"yoast_head":"<!-- This site is optimized with the Yoast SEO plugin v23.4 - https:\/\/yoast.com\/wordpress\/plugins\/seo\/ -->\n<title>Anfahrt - Pro Village<\/title>\n<meta name=\"robots\" content=\"index, follow, max-snippet:-1, max-image-preview:large, max-video-preview:-1\" \/>\n<link rel=\"canonical\" href=\"https:\/\/www.pro-village.com\/hu\/anfahrt\/\" \/>\n<meta property=\"og:locale\" content=\"hu_HU\" \/>\n<meta property=\"og:type\" content=\"article\" \/>\n<meta property=\"og:title\" content=\"Anfahrt - Pro Village\" \/>\n<meta property=\"og:description\" content=\"Anfahrt Wir befinden uns wenige Kilometer von der \u00f6sterreichisch-ungarischen Grenze entfernt im ungarischen Sopronk\u00f6vesd. Wir sind verkehrstechnisch sehr gut zu erreichen, auf Wunsch organisieren wir auch gerne Shuttle-Transfers. Unsere \u00d6ffnungszeitenMontag bis Sonntag: 10:00- 18:00 Uhr \u00d6ffnungszeiten RestaurantFreitag bis Sonntag: 12:00&hellip;  Read more\" \/>\n<meta property=\"og:url\" content=\"https:\/\/www.pro-village.com\/hu\/anfahrt\/\" \/>\n<meta property=\"og:site_name\" content=\"Pro Village\" \/>\n<meta property=\"article:modified_time\" content=\"2021-01-05T11:31:48+00:00\" \/>\n<meta property=\"og:image\" content=\"https:\/\/www.pro-village.com\/wp-content\/uploads\/elementor\/thumbs\/Lageplan-ProVillage-e1609845296236-p0wymr6kox9wdj0cj6kivo9zglj689qnm3u5mjlzc8.png\" \/>\n<meta name=\"twitter:card\" content=\"summary_large_image\" \/>\n<script type=\"application\/ld+json\" class=\"yoast-schema-graph\">{\"@context\":\"https:\/\/schema.org\",\"@graph\":[{\"@type\":\"WebPage\",\"@id\":\"https:\/\/www.pro-village.com\/anfahrt\/\",\"url\":\"https:\/\/www.pro-village.com\/anfahrt\/\",\"name\":\"Anfahrt - Pro Village\",\"isPartOf\":{\"@id\":\"https:\/\/www.pro-village.com\/#website\"},\"primaryImageOfPage\":{\"@id\":\"https:\/\/www.pro-village.com\/anfahrt\/#primaryimage\"},\"image\":{\"@id\":\"https:\/\/www.pro-village.com\/anfahrt\/#primaryimage\"},\"thumbnailUrl\":\"https:\/\/www.pro-village.com\/wp-content\/uploads\/elementor\/thumbs\/Lageplan-ProVillage-e1609845296236-p0wymr6kox9wdj0cj6kivo9zglj689qnm3u5mjlzc8.png\",\"datePublished\":\"2019-10-04T07:02:35+00:00\",\"dateModified\":\"2021-01-05T11:31:48+00:00\",\"breadcrumb\":{\"@id\":\"https:\/\/www.pro-village.com\/anfahrt\/#breadcrumb\"},\"inLanguage\":\"hu\",\"potentialAction\":[{\"@type\":\"ReadAction\",\"target\":[\"https:\/\/www.pro-village.com\/anfahrt\/\"]}]},{\"@type\":\"ImageObject\",\"inLanguage\":\"hu\",\"@id\":\"https:\/\/www.pro-village.com\/anfahrt\/#primaryimage\",\"url\":\"https:\/\/www.pro-village.com\/wp-content\/uploads\/elementor\/thumbs\/Lageplan-ProVillage-e1609845296236-p0wymr6kox9wdj0cj6kivo9zglj689qnm3u5mjlzc8.png\",\"contentUrl\":\"https:\/\/www.pro-village.com\/wp-content\/uploads\/elementor\/thumbs\/Lageplan-ProVillage-e1609845296236-p0wymr6kox9wdj0cj6kivo9zglj689qnm3u5mjlzc8.png\"},{\"@type\":\"BreadcrumbList\",\"@id\":\"https:\/\/www.pro-village.com\/anfahrt\/#breadcrumb\",\"itemListElement\":[{\"@type\":\"ListItem\",\"position\":1,\"name\":\"Startseite\",\"item\":\"https:\/\/www.pro-village.com\/\"},{\"@type\":\"ListItem\",\"position\":2,\"name\":\"Anfahrt\"}]},{\"@type\":\"WebSite\",\"@id\":\"https:\/\/www.pro-village.com\/#website\",\"url\":\"https:\/\/www.pro-village.com\/\",\"name\":\"Pro Village\",\"description\":\"\",\"publisher\":{\"@id\":\"https:\/\/www.pro-village.com\/#organization\"},\"potentialAction\":[{\"@type\":\"SearchAction\",\"target\":{\"@type\":\"EntryPoint\",\"urlTemplate\":\"https:\/\/www.pro-village.com\/?s={search_term_string}\"},\"query-input\":{\"@type\":\"PropertyValueSpecification\",\"valueRequired\":true,\"valueName\":\"search_term_string\"}}],\"inLanguage\":\"hu\"},{\"@type\":\"Organization\",\"@id\":\"https:\/\/www.pro-village.com\/#organization\",\"name\":\"Pro Village Kft\",\"url\":\"https:\/\/www.pro-village.com\/\",\"logo\":{\"@type\":\"ImageObject\",\"inLanguage\":\"hu\",\"@id\":\"https:\/\/www.pro-village.com\/#\/schema\/logo\/image\/\",\"url\":\"https:\/\/www.pro-village.com\/wp-content\/uploads\/2019\/10\/Logo_ORIGINAL-FM_Avenir-1-e1572428559123.png\",\"contentUrl\":\"https:\/\/www.pro-village.com\/wp-content\/uploads\/2019\/10\/Logo_ORIGINAL-FM_Avenir-1-e1572428559123.png\",\"width\":600,\"height\":203,\"caption\":\"Pro Village Kft\"},\"image\":{\"@id\":\"https:\/\/www.pro-village.com\/#\/schema\/logo\/image\/\"}}]}<\/script>\n<!-- \/ Yoast SEO plugin. -->","yoast_head_json":{"title":"Anfahrt - Pro Village","robots":{"index":"index","follow":"follow","max-snippet":"max-snippet:-1","max-image-preview":"max-image-preview:large","max-video-preview":"max-video-preview:-1"},"canonical":"https:\/\/www.pro-village.com\/hu\/anfahrt\/","og_locale":"hu_HU","og_type":"article","og_title":"Anfahrt - Pro Village","og_description":"Anfahrt Wir befinden uns wenige Kilometer von der \u00f6sterreichisch-ungarischen Grenze entfernt im ungarischen Sopronk\u00f6vesd. Wir sind verkehrstechnisch sehr gut zu erreichen, auf Wunsch organisieren wir auch gerne Shuttle-Transfers. Unsere \u00d6ffnungszeitenMontag bis Sonntag: 10:00- 18:00 Uhr \u00d6ffnungszeiten RestaurantFreitag bis Sonntag: 12:00&hellip;  Read more","og_url":"https:\/\/www.pro-village.com\/hu\/anfahrt\/","og_site_name":"Pro Village","article_modified_time":"2021-01-05T11:31:48+00:00","og_image":[{"url":"https:\/\/www.pro-village.com\/wp-content\/uploads\/elementor\/thumbs\/Lageplan-ProVillage-e1609845296236-p0wymr6kox9wdj0cj6kivo9zglj689qnm3u5mjlzc8.png"}],"twitter_card":"summary_large_image","schema":{"@context":"https:\/\/schema.org","@graph":[{"@type":"WebPage","@id":"https:\/\/www.pro-village.com\/anfahrt\/","url":"https:\/\/www.pro-village.com\/anfahrt\/","name":"Anfahrt - Pro Village","isPartOf":{"@id":"https:\/\/www.pro-village.com\/#website"},"primaryImageOfPage":{"@id":"https:\/\/www.pro-village.com\/anfahrt\/#primaryimage"},"image":{"@id":"https:\/\/www.pro-village.com\/anfahrt\/#primaryimage"},"thumbnailUrl":"https:\/\/www.pro-village.com\/wp-content\/uploads\/elementor\/thumbs\/Lageplan-ProVillage-e1609845296236-p0wymr6kox9wdj0cj6kivo9zglj689qnm3u5mjlzc8.png","datePublished":"2019-10-04T07:02:35+00:00","dateModified":"2021-01-05T11:31:48+00:00","breadcrumb":{"@id":"https:\/\/www.pro-village.com\/anfahrt\/#breadcrumb"},"inLanguage":"hu","potentialAction":[{"@type":"ReadAction","target":["https:\/\/www.pro-village.com\/anfahrt\/"]}]},{"@type":"ImageObject","inLanguage":"hu","@id":"https:\/\/www.pro-village.com\/anfahrt\/#primaryimage","url":"https:\/\/www.pro-village.com\/wp-content\/uploads\/elementor\/thumbs\/Lageplan-ProVillage-e1609845296236-p0wymr6kox9wdj0cj6kivo9zglj689qnm3u5mjlzc8.png","contentUrl":"https:\/\/www.pro-village.com\/wp-content\/uploads\/elementor\/thumbs\/Lageplan-ProVillage-e1609845296236-p0wymr6kox9wdj0cj6kivo9zglj689qnm3u5mjlzc8.png"},{"@type":"BreadcrumbList","@id":"https:\/\/www.pro-village.com\/anfahrt\/#breadcrumb","itemListElement":[{"@type":"ListItem","position":1,"name":"Startseite","item":"https:\/\/www.pro-village.com\/"},{"@type":"ListItem","position":2,"name":"Anfahrt"}]},{"@type":"WebSite","@id":"https:\/\/www.pro-village.com\/#website","url":"https:\/\/www.pro-village.com\/","name":"Pro Village","description":"","publisher":{"@id":"https:\/\/www.pro-village.com\/#organization"},"potentialAction":[{"@type":"SearchAction","target":{"@type":"EntryPoint","urlTemplate":"https:\/\/www.pro-village.com\/?s={search_term_string}"},"query-input":{"@type":"PropertyValueSpecification","valueRequired":true,"valueName":"search_term_string"}}],"inLanguage":"hu"},{"@type":"Organization","@id":"https:\/\/www.pro-village.com\/#organization","name":"Pro Village Kft","url":"https:\/\/www.pro-village.com\/","logo":{"@type":"ImageObject","inLanguage":"hu","@id":"https:\/\/www.pro-village.com\/#\/schema\/logo\/image\/","url":"https:\/\/www.pro-village.com\/wp-content\/uploads\/2019\/10\/Logo_ORIGINAL-FM_Avenir-1-e1572428559123.png","contentUrl":"https:\/\/www.pro-village.com\/wp-content\/uploads\/2019\/10\/Logo_ORIGINAL-FM_Avenir-1-e1572428559123.png","width":600,"height":203,"caption":"Pro Village Kft"},"image":{"@id":"https:\/\/www.pro-village.com\/#\/schema\/logo\/image\/"}}]}},"_links":{"self":[{"href":"https:\/\/www.pro-village.com\/hu\/wp-json\/wp\/v2\/pages\/11816"}],"collection":[{"href":"https:\/\/www.pro-village.com\/hu\/wp-json\/wp\/v2\/pages"}],"about":[{"href":"https:\/\/www.pro-village.com\/hu\/wp-json\/wp\/v2\/types\/page"}],"author":[{"embeddable":true,"href":"https:\/\/www.pro-village.com\/hu\/wp-json\/wp\/v2\/users\/1"}],"replies":[{"embeddable":true,"href":"https:\/\/www.pro-village.com\/hu\/wp-json\/wp\/v2\/comments?post=11816"}],"version-history":[{"count":9,"href":"https:\/\/www.pro-village.com\/hu\/wp-json\/wp\/v2\/pages\/11816\/revisions"}],"predecessor-version":[{"id":13481,"href":"https:\/\/www.pro-village.com\/hu\/wp-json\/wp\/v2\/pages\/11816\/revisions\/13481"}],"wp:attachment":[{"href":"https:\/\/www.pro-village.com\/hu\/wp-json\/wp\/v2\/media?parent=11816"}],"curies":[{"name":"wp","href":"https:\/\/api.w.org\/{rel}","templated":true}]}}