{"id":15489,"date":"2021-05-07T09:13:14","date_gmt":"2021-05-07T09:13:14","guid":{"rendered":"https:\/\/www.pro-village.com\/?page_id=15489"},"modified":"2021-05-07T11:37:34","modified_gmt":"2021-05-07T11:37:34","slug":"moziterem","status":"publish","type":"page","link":"https:\/\/www.pro-village.com\/hu\/kino\/","title":{"rendered":"Kino"},"content":{"rendered":"<div data-elementor-type=\"wp-page\" data-elementor-id=\"15489\" class=\"elementor elementor-15489\">\n\t\t\t\t\t\t\t\t\t<section class=\"elementor-section elementor-top-section elementor-element elementor-element-1b88af60 elementor-section-stretched elementor-section-boxed elementor-section-height-default elementor-section-height-default\" data-id=\"1b88af60\" data-element_type=\"section\" data-settings=\"{&quot;stretch_section&quot;:&quot;section-stretched&quot;}\">\n\t\t\t\t\t\t<div class=\"elementor-container elementor-column-gap-default\">\n\t\t\t\t\t<div class=\"elementor-column elementor-col-100 elementor-top-column elementor-element elementor-element-419ab0a0\" data-id=\"419ab0a0\" data-element_type=\"column\" data-settings=\"{&quot;background_background&quot;:&quot;classic&quot;}\">\n\t\t\t<div class=\"elementor-widget-wrap elementor-element-populated\">\n\t\t\t\t\t\t\t\t<div class=\"elementor-element elementor-element-5d1a1a72 elementor-widget elementor-widget-spacer\" data-id=\"5d1a1a72\" data-element_type=\"widget\" data-widget_type=\"spacer.default\">\n\t\t\t\t<div class=\"elementor-widget-container\">\n\t\t\t\t\t<div class=\"elementor-spacer\">\n\t\t\t<div class=\"elementor-spacer-inner\"><\/div>\n\t\t<\/div>\n\t\t\t\t<\/div>\n\t\t\t\t<\/div>\n\t\t\t\t\t<\/div>\n\t\t<\/div>\n\t\t\t\t\t\t\t<\/div>\n\t\t<\/section>\n\t\t\t\t<section class=\"elementor-section elementor-top-section elementor-element elementor-element-5a8bc6ce elementor-section-stretched elementor-section-boxed elementor-section-height-default elementor-section-height-default\" data-id=\"5a8bc6ce\" data-element_type=\"section\" id=\"about\" data-settings=\"{&quot;stretch_section&quot;:&quot;section-stretched&quot;,&quot;background_background&quot;:&quot;classic&quot;}\">\n\t\t\t\t\t\t<div class=\"elementor-container elementor-column-gap-default\">\n\t\t\t\t\t<div class=\"elementor-column elementor-col-100 elementor-top-column elementor-element elementor-element-6e9525ef\" data-id=\"6e9525ef\" data-element_type=\"column\">\n\t\t\t<div class=\"elementor-widget-wrap elementor-element-populated\">\n\t\t\t\t\t\t\t\t<section class=\"elementor-section elementor-inner-section elementor-element elementor-element-7fde95ee elementor-section-boxed elementor-section-height-default elementor-section-height-default\" data-id=\"7fde95ee\" data-element_type=\"section\">\n\t\t\t\t\t\t<div class=\"elementor-container elementor-column-gap-default\">\n\t\t\t\t\t<div class=\"elementor-column elementor-col-100 elementor-inner-column elementor-element elementor-element-33f08b32\" data-id=\"33f08b32\" data-element_type=\"column\">\n\t\t\t<div class=\"elementor-widget-wrap elementor-element-populated\">\n\t\t\t\t\t\t\t\t<div class=\"elementor-element elementor-element-76880e4 elementor-widget elementor-widget-heading\" data-id=\"76880e4\" data-element_type=\"widget\" data-widget_type=\"heading.default\">\n\t\t\t\t<div class=\"elementor-widget-container\">\n\t\t\t<h1 class=\"elementor-heading-title elementor-size-default\">Moziterem<\/h1>\t\t<\/div>\n\t\t\t\t<\/div>\n\t\t\t\t<div class=\"elementor-element elementor-element-5dd229e9 elementor-widget-divider--view-line elementor-widget elementor-widget-divider\" data-id=\"5dd229e9\" data-element_type=\"widget\" data-widget_type=\"divider.default\">\n\t\t\t\t<div class=\"elementor-widget-container\">\n\t\t\t\t\t<div class=\"elementor-divider\">\n\t\t\t<span class=\"elementor-divider-separator\">\n\t\t\t\t\t\t<\/span>\n\t\t<\/div>\n\t\t\t\t<\/div>\n\t\t\t\t<\/div>\n\t\t\t\t\t<\/div>\n\t\t<\/div>\n\t\t\t\t\t\t\t<\/div>\n\t\t<\/section>\n\t\t\t\t<section class=\"elementor-section elementor-inner-section elementor-element elementor-element-79c7cf64 elementor-section-boxed elementor-section-height-default elementor-section-height-default\" data-id=\"79c7cf64\" data-element_type=\"section\">\n\t\t\t\t\t\t<div class=\"elementor-container elementor-column-gap-no\">\n\t\t\t\t\t<div class=\"elementor-column elementor-col-100 elementor-inner-column elementor-element elementor-element-7fc8ffcd\" data-id=\"7fc8ffcd\" data-element_type=\"column\">\n\t\t\t<div class=\"elementor-widget-wrap elementor-element-populated\">\n\t\t\t\t\t\t\t\t<div class=\"elementor-element elementor-element-59abb1dc elementor-widget elementor-widget-text-editor\" data-id=\"59abb1dc\" data-element_type=\"widget\" data-widget_type=\"text-editor.default\">\n\t\t\t\t<div class=\"elementor-widget-container\">\n\t\t\t\t\t\t\t<p class=\"translation-block\">Lenne kedved a kedvenc filmedet moziv\u00e1sznon<br>professzion\u00e1lis hangrendszerrel \u00e9lvezni?<\/p><p>Igazi exkluz\u00edv mozi\u00e9lm\u00e9ny \u2013 kiz\u00e1r\u00f3lag Nektek!<\/p><p class=\"translation-block\">N\u00e1lunk van r\u00e1 lehet\u0151s\u00e9g!<br>Gyere \u00e9s \u00e9rezd magad \u00fagy, mint egy igazi moziban!<\/p>\t\t\t\t\t\t<\/div>\n\t\t\t\t<\/div>\n\t\t\t\t\t<\/div>\n\t\t<\/div>\n\t\t\t\t\t\t\t<\/div>\n\t\t<\/section>\n\t\t\t\t\t<\/div>\n\t\t<\/div>\n\t\t\t\t\t\t\t<\/div>\n\t\t<\/section>\n\t\t\t\t<section class=\"elementor-section elementor-top-section elementor-element elementor-element-2165f250 elementor-section-stretched elementor-section-boxed elementor-section-height-default elementor-section-height-default\" data-id=\"2165f250\" data-element_type=\"section\" data-settings=\"{&quot;stretch_section&quot;:&quot;section-stretched&quot;,&quot;background_background&quot;:&quot;classic&quot;}\">\n\t\t\t\t\t\t<div class=\"elementor-container elementor-column-gap-default\">\n\t\t\t\t\t<div class=\"elementor-column elementor-col-100 elementor-top-column elementor-element elementor-element-638ae0b7\" data-id=\"638ae0b7\" data-element_type=\"column\">\n\t\t\t<div class=\"elementor-widget-wrap elementor-element-populated\">\n\t\t\t\t\t\t\t\t<section class=\"elementor-section elementor-inner-section elementor-element elementor-element-5e13d089 elementor-section-boxed elementor-section-height-default elementor-section-height-default\" data-id=\"5e13d089\" data-element_type=\"section\">\n\t\t\t\t\t\t<div class=\"elementor-container elementor-column-gap-no\">\n\t\t\t\t\t<div class=\"elementor-column elementor-col-100 elementor-inner-column elementor-element elementor-element-6db918d6\" data-id=\"6db918d6\" data-element_type=\"column\">\n\t\t\t<div class=\"elementor-widget-wrap elementor-element-populated\">\n\t\t\t\t\t\t\t\t<div class=\"elementor-element elementor-element-05e2ad5 elementor-widget-divider--view-line elementor-widget elementor-widget-divider\" data-id=\"05e2ad5\" data-element_type=\"widget\" data-widget_type=\"divider.default\">\n\t\t\t\t<div class=\"elementor-widget-container\">\n\t\t\t\t\t<div class=\"elementor-divider\">\n\t\t\t<span class=\"elementor-divider-separator\">\n\t\t\t\t\t\t<\/span>\n\t\t<\/div>\n\t\t\t\t<\/div>\n\t\t\t\t<\/div>\n\t\t\t\t<div class=\"elementor-element elementor-element-6a82258d elementor-widget elementor-widget-text-editor\" data-id=\"6a82258d\" data-element_type=\"widget\" data-widget_type=\"text-editor.default\">\n\t\t\t\t<div class=\"elementor-widget-container\">\n\t\t\t\t\t\t\t<p>A l\u00e1tv\u00e1ny \u00e9s a hangz\u00e1s ak\u00e1r egy val\u00f3di moziban! Az eleg\u00e1ns \u00e9s k\u00e9nyelmes 2 szem\u00e9lyes kanap\u00e9kkal berendezett moziterm\u00fcnk max. 26 f\u0151ig \u00e1ll rendelkez\u00e9setekre.<\/p><p>Ig\u00e9ny eset\u00e9n harapnival\u00f3val \u00e9s italokkal v\u00e1runk Titeket.<\/p>\t\t\t\t\t\t<\/div>\n\t\t\t\t<\/div>\n\t\t\t\t<div class=\"elementor-element elementor-element-7b73f2bc elementor-widget-divider--view-line elementor-widget elementor-widget-divider\" data-id=\"7b73f2bc\" data-element_type=\"widget\" data-widget_type=\"divider.default\">\n\t\t\t\t<div class=\"elementor-widget-container\">\n\t\t\t\t\t<div class=\"elementor-divider\">\n\t\t\t<span class=\"elementor-divider-separator\">\n\t\t\t\t\t\t<\/span>\n\t\t<\/div>\n\t\t\t\t<\/div>\n\t\t\t\t<\/div>\n\t\t\t\t<div class=\"elementor-element elementor-element-3da68fe elementor-widget elementor-widget-text-editor\" data-id=\"3da68fe\" data-element_type=\"widget\" data-widget_type=\"text-editor.default\">\n\t\t\t\t<div class=\"elementor-widget-container\">\n\t\t\t\t\t\t\t<p class=\"translation-block\">Inform\u00e1ci\u00f3k a recepci\u00f3n: <a href=\"tel:0036704296766\" target=\"_self\">+36 70 429 67 66<\/a><\/p>\t\t\t\t\t\t<\/div>\n\t\t\t\t<\/div>\n\t\t\t\t<div class=\"elementor-element elementor-element-211ffde elementor-widget-divider--view-line elementor-widget elementor-widget-divider\" data-id=\"211ffde\" data-element_type=\"widget\" data-widget_type=\"divider.default\">\n\t\t\t\t<div class=\"elementor-widget-container\">\n\t\t\t\t\t<div class=\"elementor-divider\">\n\t\t\t<span class=\"elementor-divider-separator\">\n\t\t\t\t\t\t<\/span>\n\t\t<\/div>\n\t\t\t\t<\/div>\n\t\t\t\t<\/div>\n\t\t\t\t\t<\/div>\n\t\t<\/div>\n\t\t\t\t\t\t\t<\/div>\n\t\t<\/section>\n\t\t\t\t<section class=\"elementor-section elementor-inner-section elementor-element elementor-element-718b2bac elementor-section-boxed elementor-section-height-default elementor-section-height-default\" data-id=\"718b2bac\" data-element_type=\"section\">\n\t\t\t\t\t\t<div class=\"elementor-container elementor-column-gap-no\">\n\t\t\t\t\t<div class=\"elementor-column elementor-col-100 elementor-inner-column elementor-element elementor-element-5b057d66\" data-id=\"5b057d66\" data-element_type=\"column\">\n\t\t\t<div class=\"elementor-widget-wrap elementor-element-populated\">\n\t\t\t\t\t\t\t\t<div class=\"elementor-element elementor-element-53ea67d4 elementor-widget elementor-widget-text-editor\" data-id=\"53ea67d4\" data-element_type=\"widget\" data-widget_type=\"text-editor.default\">\n\t\t\t\t<div class=\"elementor-widget-container\">\n\t\t\t\t\t\t\t<p class=\"translation-block\">Moziterm\u00fcnk nem kiz\u00e1r\u00f3lag sz\u00e1ll\u00f3vend\u00e9geink sz\u00e1m\u00e1ra foglalhat\u00f3,<br>\u00e9rdekl\u0151djetek az al\u00e1bbi telefonsz\u00e1mon: <a href=\"tel:0036704296766\" target=\"_self\">+36 70 429 67 66<\/a>!<\/p>\t\t\t\t\t\t<\/div>\n\t\t\t\t<\/div>\n\t\t\t\t\t<\/div>\n\t\t<\/div>\n\t\t\t\t\t\t\t<\/div>\n\t\t<\/section>\n\t\t\t\t\t<\/div>\n\t\t<\/div>\n\t\t\t\t\t\t\t<\/div>\n\t\t<\/section>\n\t\t\t\t\t\t\t<\/div>","protected":false},"excerpt":{"rendered":"<p>Kinosaal W\u00fcrdest du deinen Lieblingsfilm gern auf einer Kinoleinwand mit einem professionellen Sound-System erleben? In der Atmosph\u00e4re eines Kinos &#8211; aber eben ganz exklusiv f\u00fcr dich und deine Begleiter? Bei uns ist das m\u00f6glich! Nutze unseren tollen Kinosaal, der dir&hellip;<\/p>\n<p> <a class=\"more-link\" href=\"https:\/\/www.pro-village.com\/hu\/kino\/\">Read more<\/a><\/p>","protected":false},"author":1,"featured_media":14252,"parent":0,"menu_order":0,"comment_status":"closed","ping_status":"closed","template":"","meta":{"footnotes":""},"yoast_head":"<!-- This site is optimized with the Yoast SEO plugin v23.4 - https:\/\/yoast.com\/wordpress\/plugins\/seo\/ -->\n<title>Kino - Pro Village<\/title>\n<meta name=\"description\" content=\"W\u00fcrdest du deinen Lieblingsfilm gern auf einer Kinoleinwand mit einem professionellen Sound-System erleben? In der Atmosph\u00e4re eines Kinos \u2013 aber eben ganz exklusiv f\u00fcr dich und deine Begleiter? Bei uns ist das m\u00f6glich!\" \/>\n<meta name=\"robots\" content=\"index, follow, max-snippet:-1, max-image-preview:large, max-video-preview:-1\" \/>\n<link rel=\"canonical\" href=\"https:\/\/www.pro-village.com\/hu\/moziterem\/\" \/>\n<meta property=\"og:locale\" content=\"hu_HU\" \/>\n<meta property=\"og:type\" content=\"article\" \/>\n<meta property=\"og:title\" content=\"Kino - Pro Village\" \/>\n<meta property=\"og:description\" content=\"W\u00fcrdest du deinen Lieblingsfilm gern auf einer Kinoleinwand mit einem professionellen Sound-System erleben? In der Atmosph\u00e4re eines Kinos \u2013 aber eben ganz exklusiv f\u00fcr dich und deine Begleiter? Bei uns ist das m\u00f6glich!\" \/>\n<meta property=\"og:url\" content=\"https:\/\/www.pro-village.com\/hu\/moziterem\/\" \/>\n<meta property=\"og:site_name\" content=\"Pro Village\" \/>\n<meta property=\"article:modified_time\" content=\"2021-05-07T11:37:34+00:00\" \/>\n<meta property=\"og:image\" content=\"https:\/\/www.pro-village.com\/wp-content\/uploads\/2021\/03\/aktivitaeten-kino.png\" \/>\n\t<meta property=\"og:image:width\" content=\"652\" \/>\n\t<meta property=\"og:image:height\" content=\"372\" \/>\n\t<meta property=\"og:image:type\" content=\"image\/png\" \/>\n<meta name=\"twitter:card\" content=\"summary_large_image\" \/>\n<meta name=\"twitter:label1\" content=\"Becs\u00fclt olvas\u00e1si id\u0151\" \/>\n\t<meta name=\"twitter:data1\" content=\"1 perc\" \/>\n<script type=\"application\/ld+json\" class=\"yoast-schema-graph\">{\"@context\":\"https:\/\/schema.org\",\"@graph\":[{\"@type\":\"WebPage\",\"@id\":\"https:\/\/www.pro-village.com\/kino\/\",\"url\":\"https:\/\/www.pro-village.com\/kino\/\",\"name\":\"Kino - Pro Village\",\"isPartOf\":{\"@id\":\"https:\/\/www.pro-village.com\/#website\"},\"primaryImageOfPage\":{\"@id\":\"https:\/\/www.pro-village.com\/kino\/#primaryimage\"},\"image\":{\"@id\":\"https:\/\/www.pro-village.com\/kino\/#primaryimage\"},\"thumbnailUrl\":\"https:\/\/www.pro-village.com\/wp-content\/uploads\/2021\/03\/aktivitaeten-kino.png\",\"datePublished\":\"2021-05-07T09:13:14+00:00\",\"dateModified\":\"2021-05-07T11:37:34+00:00\",\"description\":\"W\u00fcrdest du deinen Lieblingsfilm gern auf einer Kinoleinwand mit einem professionellen Sound-System erleben? In der Atmosph\u00e4re eines Kinos \u2013 aber eben ganz exklusiv f\u00fcr dich und deine Begleiter? Bei uns ist das m\u00f6glich!\",\"breadcrumb\":{\"@id\":\"https:\/\/www.pro-village.com\/kino\/#breadcrumb\"},\"inLanguage\":\"hu\",\"potentialAction\":[{\"@type\":\"ReadAction\",\"target\":[\"https:\/\/www.pro-village.com\/kino\/\"]}]},{\"@type\":\"ImageObject\",\"inLanguage\":\"hu\",\"@id\":\"https:\/\/www.pro-village.com\/kino\/#primaryimage\",\"url\":\"https:\/\/www.pro-village.com\/wp-content\/uploads\/2021\/03\/aktivitaeten-kino.png\",\"contentUrl\":\"https:\/\/www.pro-village.com\/wp-content\/uploads\/2021\/03\/aktivitaeten-kino.png\",\"width\":652,\"height\":372,\"caption\":\"Kino\"},{\"@type\":\"BreadcrumbList\",\"@id\":\"https:\/\/www.pro-village.com\/kino\/#breadcrumb\",\"itemListElement\":[{\"@type\":\"ListItem\",\"position\":1,\"name\":\"Startseite\",\"item\":\"https:\/\/www.pro-village.com\/\"},{\"@type\":\"ListItem\",\"position\":2,\"name\":\"Kino\"}]},{\"@type\":\"WebSite\",\"@id\":\"https:\/\/www.pro-village.com\/#website\",\"url\":\"https:\/\/www.pro-village.com\/\",\"name\":\"Pro Village\",\"description\":\"\",\"publisher\":{\"@id\":\"https:\/\/www.pro-village.com\/#organization\"},\"potentialAction\":[{\"@type\":\"SearchAction\",\"target\":{\"@type\":\"EntryPoint\",\"urlTemplate\":\"https:\/\/www.pro-village.com\/?s={search_term_string}\"},\"query-input\":{\"@type\":\"PropertyValueSpecification\",\"valueRequired\":true,\"valueName\":\"search_term_string\"}}],\"inLanguage\":\"hu\"},{\"@type\":\"Organization\",\"@id\":\"https:\/\/www.pro-village.com\/#organization\",\"name\":\"Pro Village Kft\",\"url\":\"https:\/\/www.pro-village.com\/\",\"logo\":{\"@type\":\"ImageObject\",\"inLanguage\":\"hu\",\"@id\":\"https:\/\/www.pro-village.com\/#\/schema\/logo\/image\/\",\"url\":\"https:\/\/www.pro-village.com\/wp-content\/uploads\/2019\/10\/Logo_ORIGINAL-FM_Avenir-1-e1572428559123.png\",\"contentUrl\":\"https:\/\/www.pro-village.com\/wp-content\/uploads\/2019\/10\/Logo_ORIGINAL-FM_Avenir-1-e1572428559123.png\",\"width\":600,\"height\":203,\"caption\":\"Pro Village Kft\"},\"image\":{\"@id\":\"https:\/\/www.pro-village.com\/#\/schema\/logo\/image\/\"}}]}<\/script>\n<!-- \/ Yoast SEO plugin. -->","yoast_head_json":{"title":"Kino - Pro Village","description":"W\u00fcrdest du deinen Lieblingsfilm gern auf einer Kinoleinwand mit einem professionellen Sound-System erleben? In der Atmosph\u00e4re eines Kinos \u2013 aber eben ganz exklusiv f\u00fcr dich und deine Begleiter? Bei uns ist das m\u00f6glich!","robots":{"index":"index","follow":"follow","max-snippet":"max-snippet:-1","max-image-preview":"max-image-preview:large","max-video-preview":"max-video-preview:-1"},"canonical":"https:\/\/www.pro-village.com\/hu\/moziterem\/","og_locale":"hu_HU","og_type":"article","og_title":"Kino - Pro Village","og_description":"W\u00fcrdest du deinen Lieblingsfilm gern auf einer Kinoleinwand mit einem professionellen Sound-System erleben? In der Atmosph\u00e4re eines Kinos \u2013 aber eben ganz exklusiv f\u00fcr dich und deine Begleiter? Bei uns ist das m\u00f6glich!","og_url":"https:\/\/www.pro-village.com\/hu\/moziterem\/","og_site_name":"Pro Village","article_modified_time":"2021-05-07T11:37:34+00:00","og_image":[{"width":652,"height":372,"url":"https:\/\/www.pro-village.com\/wp-content\/uploads\/2021\/03\/aktivitaeten-kino.png","type":"image\/png"}],"twitter_card":"summary_large_image","twitter_misc":{"Becs\u00fclt olvas\u00e1si id\u0151":"1 perc"},"schema":{"@context":"https:\/\/schema.org","@graph":[{"@type":"WebPage","@id":"https:\/\/www.pro-village.com\/kino\/","url":"https:\/\/www.pro-village.com\/kino\/","name":"Kino - Pro Village","isPartOf":{"@id":"https:\/\/www.pro-village.com\/#website"},"primaryImageOfPage":{"@id":"https:\/\/www.pro-village.com\/kino\/#primaryimage"},"image":{"@id":"https:\/\/www.pro-village.com\/kino\/#primaryimage"},"thumbnailUrl":"https:\/\/www.pro-village.com\/wp-content\/uploads\/2021\/03\/aktivitaeten-kino.png","datePublished":"2021-05-07T09:13:14+00:00","dateModified":"2021-05-07T11:37:34+00:00","description":"W\u00fcrdest du deinen Lieblingsfilm gern auf einer Kinoleinwand mit einem professionellen Sound-System erleben? In der Atmosph\u00e4re eines Kinos \u2013 aber eben ganz exklusiv f\u00fcr dich und deine Begleiter? Bei uns ist das m\u00f6glich!","breadcrumb":{"@id":"https:\/\/www.pro-village.com\/kino\/#breadcrumb"},"inLanguage":"hu","potentialAction":[{"@type":"ReadAction","target":["https:\/\/www.pro-village.com\/kino\/"]}]},{"@type":"ImageObject","inLanguage":"hu","@id":"https:\/\/www.pro-village.com\/kino\/#primaryimage","url":"https:\/\/www.pro-village.com\/wp-content\/uploads\/2021\/03\/aktivitaeten-kino.png","contentUrl":"https:\/\/www.pro-village.com\/wp-content\/uploads\/2021\/03\/aktivitaeten-kino.png","width":652,"height":372,"caption":"Kino"},{"@type":"BreadcrumbList","@id":"https:\/\/www.pro-village.com\/kino\/#breadcrumb","itemListElement":[{"@type":"ListItem","position":1,"name":"Startseite","item":"https:\/\/www.pro-village.com\/"},{"@type":"ListItem","position":2,"name":"Kino"}]},{"@type":"WebSite","@id":"https:\/\/www.pro-village.com\/#website","url":"https:\/\/www.pro-village.com\/","name":"Pro Village","description":"","publisher":{"@id":"https:\/\/www.pro-village.com\/#organization"},"potentialAction":[{"@type":"SearchAction","target":{"@type":"EntryPoint","urlTemplate":"https:\/\/www.pro-village.com\/?s={search_term_string}"},"query-input":{"@type":"PropertyValueSpecification","valueRequired":true,"valueName":"search_term_string"}}],"inLanguage":"hu"},{"@type":"Organization","@id":"https:\/\/www.pro-village.com\/#organization","name":"Pro Village Kft","url":"https:\/\/www.pro-village.com\/","logo":{"@type":"ImageObject","inLanguage":"hu","@id":"https:\/\/www.pro-village.com\/#\/schema\/logo\/image\/","url":"https:\/\/www.pro-village.com\/wp-content\/uploads\/2019\/10\/Logo_ORIGINAL-FM_Avenir-1-e1572428559123.png","contentUrl":"https:\/\/www.pro-village.com\/wp-content\/uploads\/2019\/10\/Logo_ORIGINAL-FM_Avenir-1-e1572428559123.png","width":600,"height":203,"caption":"Pro Village Kft"},"image":{"@id":"https:\/\/www.pro-village.com\/#\/schema\/logo\/image\/"}}]}},"_links":{"self":[{"href":"https:\/\/www.pro-village.com\/hu\/wp-json\/wp\/v2\/pages\/15489"}],"collection":[{"href":"https:\/\/www.pro-village.com\/hu\/wp-json\/wp\/v2\/pages"}],"about":[{"href":"https:\/\/www.pro-village.com\/hu\/wp-json\/wp\/v2\/types\/page"}],"author":[{"embeddable":true,"href":"https:\/\/www.pro-village.com\/hu\/wp-json\/wp\/v2\/users\/1"}],"replies":[{"embeddable":true,"href":"https:\/\/www.pro-village.com\/hu\/wp-json\/wp\/v2\/comments?post=15489"}],"version-history":[{"count":8,"href":"https:\/\/www.pro-village.com\/hu\/wp-json\/wp\/v2\/pages\/15489\/revisions"}],"predecessor-version":[{"id":15499,"href":"https:\/\/www.pro-village.com\/hu\/wp-json\/wp\/v2\/pages\/15489\/revisions\/15499"}],"wp:featuredmedia":[{"embeddable":true,"href":"https:\/\/www.pro-village.com\/hu\/wp-json\/wp\/v2\/media\/14252"}],"wp:attachment":[{"href":"https:\/\/www.pro-village.com\/hu\/wp-json\/wp\/v2\/media?parent=15489"}],"curies":[{"name":"wp","href":"https:\/\/api.w.org\/{rel}","templated":true}]}}